{"id":109,"date":"2018-12-07T12:22:24","date_gmt":"2018-12-07T12:22:24","guid":{"rendered":"https:\/\/democontent.codex-themes.com\/sites-elementor\/medical-center\/?page_id=109"},"modified":"2025-05-06T15:42:35","modified_gmt":"2025-05-06T18:42:35","slug":"especialidades","status":"publish","type":"page","link":"https:\/\/clinicadrsoriano.com.ar\/sitio\/especialidades\/","title":{"rendered":"Especialidades"},"content":{"rendered":"\t\t<div data-elementor-type=\"wp-page\" data-elementor-id=\"109\" class=\"elementor elementor-109\">\n\t\t\t\t\t\t<div class=\"elementor-inner\">\n\t\t\t\t<div class=\"elementor-section-wrap\">\n\t\t\t\t\t\t\t\t\t<section class=\"elementor-section elementor-top-section elementor-element elementor-element-18ff0df elementor-section-boxed elementor-section-height-default elementor-section-height-default\" data-id=\"18ff0df\" data-element_type=\"section\">\n\t\t\t\t\t\t<div class=\"elementor-container elementor-column-gap-thegem\">\n\t\t\t\t\t\t\t<div class=\"elementor-row\">\n\t\t\t\t\t<div class=\"elementor-column elementor-col-100 elementor-top-column elementor-element elementor-element-d57fa69\" data-id=\"d57fa69\" data-element_type=\"column\">\n\t\t\t<div class=\"elementor-column-wrap elementor-element-populated\">\n\t\t\t\t\t\t\t<div class=\"elementor-widget-wrap\">\n\t\t\t\t\t\t<div class=\"elementor-element elementor-element-9c0b9d4 flex-horizontal-align-default flex-horizontal-align-tablet-default flex-horizontal-align-mobile-default flex-vertical-align-default flex-vertical-align-tablet-default flex-vertical-align-mobile-default elementor-widget elementor-widget-text-editor\" data-id=\"9c0b9d4\" data-element_type=\"widget\" data-widget_type=\"text-editor.default\">\n\t\t\t\t<div class=\"elementor-widget-container\">\n\t\t\t<style>\/*! elementor - v3.16.0 - 20-09-2023 *\/\n.elementor-widget-text-editor.elementor-drop-cap-view-stacked .elementor-drop-cap{background-color:#69727d;color:#fff}.elementor-widget-text-editor.elementor-drop-cap-view-framed .elementor-drop-cap{color:#69727d;border:3px solid;background-color:transparent}.elementor-widget-text-editor:not(.elementor-drop-cap-view-default) .elementor-drop-cap{margin-top:8px}.elementor-widget-text-editor:not(.elementor-drop-cap-view-default) .elementor-drop-cap-letter{width:1em;height:1em}.elementor-widget-text-editor .elementor-drop-cap{float:left;text-align:center;line-height:1;font-size:50px}.elementor-widget-text-editor .elementor-drop-cap-letter{display:inline-block}<\/style>\t\t\t\t\t<div class=\"elementor-text-editor elementor-clearfix\">\n\t\t\t\t<h2 style=\"text-align: center;\"><span style=\"color: #7da2cc;\">ESPECIALIDADES<\/span> <span style=\"color: #28334a;\">QUE TRATAMOS <\/span><\/h2>\t\t\t\t\t<\/div>\n\t\t\t\t\t\t<\/div>\n\t\t\t\t<\/div>\n\t\t\t\t\t\t<\/div>\n\t\t\t\t\t<\/div>\n\t\t<\/div>\n\t\t\t\t\t\t\t\t<\/div>\n\t\t\t\t\t<\/div>\n\t\t<\/section>\n\t\t\t\t<section class=\"elementor-section elementor-top-section elementor-element elementor-element-a063634 elementor-section-boxed elementor-section-height-default elementor-section-height-default\" data-id=\"a063634\" data-element_type=\"section\">\n\t\t\t\t\t\t<div class=\"elementor-container elementor-column-gap-thegem\">\n\t\t\t\t\t\t\t<div class=\"elementor-row\">\n\t\t\t\t\t<div class=\"elementor-column elementor-col-100 elementor-top-column elementor-element elementor-element-e52f74f\" data-id=\"e52f74f\" data-element_type=\"column\">\n\t\t\t<div class=\"elementor-column-wrap elementor-element-populated\">\n\t\t\t\t\t\t\t<div class=\"elementor-widget-wrap\">\n\t\t\t\t\t\t<div class=\"elementor-element elementor-element-b568443 flex-horizontal-align-default flex-horizontal-align-tablet-default flex-horizontal-align-mobile-default flex-vertical-align-default flex-vertical-align-tablet-default flex-vertical-align-mobile-default elementor-widget elementor-widget-text-editor\" data-id=\"b568443\" data-element_type=\"widget\" data-widget_type=\"text-editor.default\">\n\t\t\t\t<div class=\"elementor-widget-container\">\n\t\t\t\t\t\t\t\t<div class=\"elementor-text-editor elementor-clearfix\">\n\t\t\t\t<p style=\"text-align: center;\">Desde su creaci\u00f3n en 1980, la Cl\u00ednica Oftalmol\u00f3gica Dr. Soriano brinda<br \/>prestaciones de excelencia a sus pacientes con el mayor nivel profesional, asistida por la m\u00e1s completa tecnolog\u00eda.<\/p>\t\t\t\t\t<\/div>\n\t\t\t\t\t\t<\/div>\n\t\t\t\t<\/div>\n\t\t\t\t\t\t<\/div>\n\t\t\t\t\t<\/div>\n\t\t<\/div>\n\t\t\t\t\t\t\t\t<\/div>\n\t\t\t\t\t<\/div>\n\t\t<\/section>\n\t\t\t\t<section class=\"elementor-section elementor-top-section elementor-element elementor-element-ade5a61 elementor-section-boxed elementor-section-height-default elementor-section-height-default\" data-id=\"ade5a61\" data-element_type=\"section\">\n\t\t\t\t\t\t<div class=\"elementor-container elementor-column-gap-thegem\">\n\t\t\t\t\t\t\t<div class=\"elementor-row\">\n\t\t\t\t\t<div class=\"elementor-column elementor-col-100 elementor-top-column elementor-element elementor-element-9bad532\" data-id=\"9bad532\" data-element_type=\"column\">\n\t\t\t<div class=\"elementor-column-wrap elementor-element-populated\">\n\t\t\t\t\t\t\t<div class=\"elementor-widget-wrap\">\n\t\t\t\t\t\t<div class=\"elementor-element elementor-element-03cdb6c flex-horizontal-align-default flex-horizontal-align-tablet-default flex-horizontal-align-mobile-default flex-vertical-align-default flex-vertical-align-tablet-default flex-vertical-align-mobile-default elementor-widget elementor-widget-thegem-quickfinders\" data-id=\"03cdb6c\" data-element_type=\"widget\" data-settings=\"{&quot;thegem_elementor_preset&quot;:&quot;iconed&quot;}\" data-widget_type=\"thegem-quickfinders.default\">\n\t\t\t\t<div class=\"elementor-widget-container\">\n\t\t\t\n<div class=\"quickfinder row inline-row quickfinder-style-iconed\">\n\t\t\t<div class=\"lazy-loading  quickfinder-item inline-column col-md-4 col-sm-6 col-xs-12\">\n\n\t\t\t\t\t\t\t<div class=\"quickfinder-item-box\">\n\t\t\t\n\t\t\t\t<div class=\"quickfinder-item-inner bordered-box icon-top icon-wrapping-none centered-box button-bottom lazy-loading-item\" data-ll-effect=\"fading\" data-ll-item-delay=\"200\"> \n\n\t\t\t\t\t\t\t\t\t\t\t<div class=\"quickfinder-icon-container\">\n\n\t<div class=\"connector-container\">\n\t\t<span><\/span>\n\t<\/div>\n\n\t<div class=\"gem-qf-icon-image-wrapper lazy-loading-item\" data-ll-effect=\"clip\">\n\t\t\t\t\t<div class=\"gem-image\">\n\t\t\t\t<span>\n\t\t\t\t\t<img width=\"90\" height=\"90\" src=\"https:\/\/clinicadrsoriano.com.ar\/sitio\/wp-content\/uploads\/2023\/05\/icono_1.png\" class=\"attachment-thumbnail size-thumbnail wp-image-1077\" alt=\"\" decoding=\"async\" \/>\t\t\t\t<\/span>\n\t\t\t<\/div>\n\n\n\t\t\n\t\t\t<\/div>\n\n\t<div class=\"connector-container\">\n\t\t<span><\/span>\n\t<\/div>\n\n<\/div>\n\n\t\t\t\t\t\n\t\t\t\t\t<div class=\"quickfinder-item-info-wrapper\"> \n\t\t\t\t\t\t<div class=\"quickfinder-item-info lazy-loading-item\" data-ll-effect=\"fading\" data-ll-item-delay=\"200\">\n\t\n\t\t<h4 class=\"quickfinder-title title-h4 bold\">\n\t\t\tCATARATA\t\t<\/h4>\n\t\n\t\n\t\t<div class=\"quickfinder-description gem-text-output\">\n\t\t\t<p>Es una intervenci\u00f3n quir\u00fargica ambulatoria que elimina el cristalino opacificado.<\/p>\t\t<\/div>\n\t\n\t\t\t\t\t<div class=\"gem-button-container gem-widget-button\">\n\t\t\t<a class=\"item-linked gem-button gem-button-size-small gem-button-text-weight-bold gem-button-style-flat lazy-loading-item\" data-ll-effect=\"drop-right-without-wrap\">\n\t\t\t\t<span class=\"gem-inner-wrapper-btn\">\n\t\t\t\t\t\t\t\t\t\t<span class=\"gem-text-button\">\n\t\t\t\t\t\tConoce Mas\t\t\t\t\t<\/span>\n\t\t\t\t<\/span>\n\t\t\t<\/a>\t\t\t\n\t\t<\/div>\n\t<\/div>\t\t\t\t\t<\/div>\n\n\t\t\t\t\t\t<a href=\"https:\/\/clinicadrsoriano.com.ar\/sitio\/catarata\/\" rel=\"nofollow\" class=\"quickfinder-item-link\"><\/a>\n\n\t\t\t\t<\/div>\n\n\t\t\t\t\t\t\t<\/div>\n\t\t\t\t\t<\/div>\n\t\t\t<div class=\"lazy-loading  quickfinder-item inline-column col-md-4 col-sm-6 col-xs-12\">\n\n\t\t\t\t\t\t\t<div class=\"quickfinder-item-box\">\n\t\t\t\n\t\t\t\t<div class=\"quickfinder-item-inner bordered-box icon-top icon-wrapping-none centered-box button-bottom lazy-loading-item\" data-ll-effect=\"fading\" data-ll-item-delay=\"200\"> \n\n\t\t\t\t\t\t\t\t\t\t\t<div class=\"quickfinder-icon-container\">\n\n\t<div class=\"connector-container\">\n\t\t<span><\/span>\n\t<\/div>\n\n\t<div class=\"gem-qf-icon-image-wrapper lazy-loading-item\" data-ll-effect=\"clip\">\n\t\t\t\t\t<div class=\"gem-image\">\n\t\t\t\t<span>\n\t\t\t\t\t<img width=\"90\" height=\"90\" src=\"https:\/\/clinicadrsoriano.com.ar\/sitio\/wp-content\/uploads\/2023\/05\/icono_2.png\" class=\"attachment-thumbnail size-thumbnail wp-image-1078\" alt=\"\" decoding=\"async\" \/>\t\t\t\t<\/span>\n\t\t\t<\/div>\n\n\n\t\t\n\t\t\t<\/div>\n\n\t<div class=\"connector-container\">\n\t\t<span><\/span>\n\t<\/div>\n\n<\/div>\n\n\t\t\t\t\t\n\t\t\t\t\t<div class=\"quickfinder-item-info-wrapper\"> \n\t\t\t\t\t\t<div class=\"quickfinder-item-info lazy-loading-item\" data-ll-effect=\"fading\" data-ll-item-delay=\"200\">\n\t\n\t\t<h4 class=\"quickfinder-title title-h4 bold\">\n\t\t\tCIRUGIA REFRACTIVA\t\t<\/h4>\n\t\n\t\n\t\t<div class=\"quickfinder-description gem-text-output\">\n\t\t\t<p>El beneficio para el paciente es la eliminaci\u00f3n de la dependencia de los anteojos.<\/p>\t\t<\/div>\n\t\n\t\t\t\t\t<div class=\"gem-button-container gem-widget-button gem-button-container gem-widget-button\">\n\t\t\t<a class=\"item-linked gem-button gem-button-size-small gem-button-text-weight-bold gem-button-style-flat lazy-loading-item\" data-ll-effect=\"drop-right-without-wrap\">\n\t\t\t\t<span class=\"gem-inner-wrapper-btn\">\n\t\t\t\t\t\t\t\t\t\t<span class=\"gem-text-button gem-text-button\">\n\t\t\t\t\t\tConoce Mas\t\t\t\t\t<\/span>\n\t\t\t\t<\/span>\n\t\t\t<\/a>\t\t\t\n\t\t<\/div>\n\t<\/div>\t\t\t\t\t<\/div>\n\n\t\t\t\t\t\t<a href=\"https:\/\/clinicadrsoriano.com.ar\/sitio\/cirugias-refractiva\/\" rel=\"nofollow\" class=\"quickfinder-item-link\"><\/a>\n\n\t\t\t\t<\/div>\n\n\t\t\t\t\t\t\t<\/div>\n\t\t\t\t\t<\/div>\n\t\t\t<div class=\"lazy-loading  quickfinder-item inline-column col-md-4 col-sm-6 col-xs-12\">\n\n\t\t\t\t\t\t\t<div class=\"quickfinder-item-box\">\n\t\t\t\n\t\t\t\t<div class=\"quickfinder-item-inner bordered-box icon-top icon-wrapping-none centered-box button-bottom lazy-loading-item\" data-ll-effect=\"fading\" data-ll-item-delay=\"200\"> \n\n\t\t\t\t\t\t\t\t\t\t\t<div class=\"quickfinder-icon-container\">\n\n\t<div class=\"connector-container\">\n\t\t<span><\/span>\n\t<\/div>\n\n\t<div class=\"gem-qf-icon-image-wrapper lazy-loading-item\" data-ll-effect=\"clip\">\n\t\t\t\t\t<div class=\"gem-image\">\n\t\t\t\t<span>\n\t\t\t\t\t<img width=\"90\" height=\"90\" src=\"https:\/\/clinicadrsoriano.com.ar\/sitio\/wp-content\/uploads\/2023\/05\/icono_3.png\" class=\"attachment-thumbnail size-thumbnail wp-image-1079\" alt=\"\" decoding=\"async\" \/>\t\t\t\t<\/span>\n\t\t\t<\/div>\n\n\n\t\t\n\t\t\t<\/div>\n\n\t<div class=\"connector-container\">\n\t\t<span><\/span>\n\t<\/div>\n\n<\/div>\n\n\t\t\t\t\t\n\t\t\t\t\t<div class=\"quickfinder-item-info-wrapper\"> \n\t\t\t\t\t\t<div class=\"quickfinder-item-info lazy-loading-item\" data-ll-effect=\"fading\" data-ll-item-delay=\"200\">\n\t\n\t\t<h4 class=\"quickfinder-title title-h4 bold\">\n\t\t\tCIRUGIAS Y TRATAMIENTOS\t\t<\/h4>\n\t\n\t\n\t\t<div class=\"quickfinder-description gem-text-output\">\n\t\t\t<p>C\u00f3rnea, Ojo Seco, <br \/>Glaucoma, Retina, P\u00e1rpados, entre otros tratamientos.<\/p>\t\t<\/div>\n\t\n\t\t\t\t\t<div class=\"gem-button-container gem-widget-button gem-button-container gem-widget-button gem-button-container gem-widget-button\">\n\t\t\t<a class=\"item-linked gem-button gem-button-size-small gem-button-text-weight-bold gem-button-style-flat lazy-loading-item\" data-ll-effect=\"drop-right-without-wrap\">\n\t\t\t\t<span class=\"gem-inner-wrapper-btn\">\n\t\t\t\t\t\t\t\t\t\t<span class=\"gem-text-button gem-text-button gem-text-button\">\n\t\t\t\t\t\tConoce Mas\t\t\t\t\t<\/span>\n\t\t\t\t<\/span>\n\t\t\t<\/a>\t\t\t\n\t\t<\/div>\n\t<\/div>\t\t\t\t\t<\/div>\n\n\t\t\t\t\t\t<a href=\"https:\/\/clinicadrsoriano.com.ar\/sitio\/cirugias-y-tratamientos\/\" rel=\"nofollow\" class=\"quickfinder-item-link\"><\/a>\n\n\t\t\t\t<\/div>\n\n\t\t\t\t\t\t\t<\/div>\n\t\t\t\t\t<\/div>\n\t<\/div>\n\t\t<\/div>\n\t\t\t\t<\/div>\n\t\t\t\t\t\t<\/div>\n\t\t\t\t\t<\/div>\n\t\t<\/div>\n\t\t\t\t\t\t\t\t<\/div>\n\t\t\t\t\t<\/div>\n\t\t<\/section>\n\t\t\t\t<section class=\"elementor-section elementor-top-section elementor-element elementor-element-59d7174f elementor-section-content-middle elementor-section-stretched elementor-section-boxed elementor-section-height-default elementor-section-height-default\" data-id=\"59d7174f\" data-element_type=\"section\" data-settings=\"{&quot;background_background&quot;:&quot;classic&quot;,&quot;stretch_section&quot;:&quot;section-stretched&quot;}\">\n\t\t\t\t\t\t<div class=\"elementor-container elementor-column-gap-thegem\">\n\t\t\t\t\t\t\t<div class=\"elementor-row\">\n\t\t\t\t\t<div class=\"elementor-column elementor-col-25 elementor-top-column elementor-element elementor-element-390fefe9\" data-id=\"390fefe9\" data-element_type=\"column\">\n\t\t\t<div class=\"elementor-column-wrap elementor-element-populated\">\n\t\t\t\t\t\t\t<div class=\"elementor-widget-wrap\">\n\t\t\t\t\t\t<div class=\"elementor-element elementor-element-5ef469de flex-horizontal-align-default flex-horizontal-align-tablet-default flex-horizontal-align-mobile-default flex-vertical-align-default flex-vertical-align-tablet-default flex-vertical-align-mobile-default elementor-widget elementor-widget-text-editor\" data-id=\"5ef469de\" data-element_type=\"widget\" data-widget_type=\"text-editor.default\">\n\t\t\t\t<div class=\"elementor-widget-container\">\n\t\t\t\t\t\t\t\t<div class=\"elementor-text-editor elementor-clearfix\">\n\t\t\t\t<div class=\"title-h1\"><span style=\"color: #7da2cc;\">INFORMACI\u00d3N<\/span><br \/><span style=\"color: #ffffff;\"> \u00daTIL PARA PACIENTES<\/span><\/div>\t\t\t\t\t<\/div>\n\t\t\t\t\t\t<\/div>\n\t\t\t\t<\/div>\n\t\t\t\t\t\t<\/div>\n\t\t\t\t\t<\/div>\n\t\t<\/div>\n\t\t\t\t<div class=\"elementor-column elementor-col-25 elementor-top-column elementor-element elementor-element-3175d69a\" data-id=\"3175d69a\" data-element_type=\"column\">\n\t\t\t<div class=\"elementor-column-wrap elementor-element-populated\">\n\t\t\t\t\t\t\t<div class=\"elementor-widget-wrap\">\n\t\t\t\t\t\t<div class=\"elementor-element elementor-element-17c031c1 flex-horizontal-align-default flex-horizontal-align-tablet-default flex-horizontal-align-mobile-default flex-vertical-align-default flex-vertical-align-tablet-default flex-vertical-align-mobile-default elementor-widget elementor-widget-thegem-styledbutton\" data-id=\"17c031c1\" data-element_type=\"widget\" data-settings=\"{&quot;thegem_button_skin&quot;:&quot;outline&quot;}\" data-widget_type=\"thegem-styledbutton.default\">\n\t\t\t\t<div class=\"elementor-widget-container\">\n\t\t\t\n<div class=\"gem-button-container gem-widget-button\">\n\n\t\t<a class=\"gem-button gem-button-size-medium gem-button-text-weight-bold gem-button-style-outline gem-button-border-3\" href=\"https:\/\/clinicadrsoriano.com.ar\/portal\/login\" target=\"_blank\">\n\t\t<span class=\"gem-inner-wrapper-btn\">\n\t\t\t\t\t\t<span class=\"gem-text-button\">\n\t\t\t\tPORTAL PACIENTES\t\t\t<\/span>\n\t\t<\/span>\n\t<\/a>\n\n\t\n<\/div>\t\t<\/div>\n\t\t\t\t<\/div>\n\t\t\t\t\t\t<\/div>\n\t\t\t\t\t<\/div>\n\t\t<\/div>\n\t\t\t\t<div class=\"elementor-column elementor-col-25 elementor-top-column elementor-element elementor-element-1c082c31\" data-id=\"1c082c31\" data-element_type=\"column\">\n\t\t\t<div class=\"elementor-column-wrap elementor-element-populated\">\n\t\t\t\t\t\t\t<div class=\"elementor-widget-wrap\">\n\t\t\t\t\t\t<div class=\"elementor-element elementor-element-6345cf95 flex-horizontal-align-default flex-horizontal-align-tablet-default flex-horizontal-align-mobile-default flex-vertical-align-default flex-vertical-align-tablet-default flex-vertical-align-mobile-default elementor-widget elementor-widget-thegem-styledbutton\" data-id=\"6345cf95\" data-element_type=\"widget\" data-settings=\"{&quot;thegem_button_skin&quot;:&quot;outline&quot;}\" data-widget_type=\"thegem-styledbutton.default\">\n\t\t\t\t<div class=\"elementor-widget-container\">\n\t\t\t\n<div class=\"gem-button-container gem-widget-button\">\n\n\t\t<a class=\"gem-button gem-button-size-medium gem-button-text-weight-bold gem-button-style-outline gem-button-border-3\" href=\"https:\/\/clinicadrsoriano.com.ar\/sitio\/coberturas-y-medios-de-pago\/\">\n\t\t<span class=\"gem-inner-wrapper-btn\">\n\t\t\t\t\t\t<span class=\"gem-text-button\">\n\t\t\t\tCOBERTURAS\t\t\t<\/span>\n\t\t<\/span>\n\t<\/a>\n\n\t\n<\/div>\t\t<\/div>\n\t\t\t\t<\/div>\n\t\t\t\t\t\t<\/div>\n\t\t\t\t\t<\/div>\n\t\t<\/div>\n\t\t\t\t<div class=\"elementor-column elementor-col-25 elementor-top-column elementor-element elementor-element-23b4c842\" data-id=\"23b4c842\" data-element_type=\"column\">\n\t\t\t<div class=\"elementor-column-wrap elementor-element-populated\">\n\t\t\t\t\t\t\t<div class=\"elementor-widget-wrap\">\n\t\t\t\t\t\t<div class=\"elementor-element elementor-element-35535567 flex-horizontal-align-default flex-horizontal-align-tablet-default flex-horizontal-align-mobile-default flex-vertical-align-default flex-vertical-align-tablet-default flex-vertical-align-mobile-default elementor-widget elementor-widget-thegem-styledbutton\" data-id=\"35535567\" data-element_type=\"widget\" data-settings=\"{&quot;thegem_button_skin&quot;:&quot;outline&quot;}\" data-widget_type=\"thegem-styledbutton.default\">\n\t\t\t\t<div class=\"elementor-widget-container\">\n\t\t\t\n<div class=\"gem-button-container gem-widget-button\">\n\n\t\t<a class=\"gem-button gem-button-size-medium gem-button-text-weight-bold gem-button-style-outline gem-button-border-3\" href=\"https:\/\/clinicadrsoriano.com.ar\/sitio\/coberturas-y-medios-de-pago\/#medio-de-pago\">\n\t\t<span class=\"gem-inner-wrapper-btn\">\n\t\t\t\t\t\t<span class=\"gem-text-button\">\n\t\t\t\tMEDIOS DE PAGO\t\t\t<\/span>\n\t\t<\/span>\n\t<\/a>\n\n\t\n<\/div>\t\t<\/div>\n\t\t\t\t<\/div>\n\t\t\t\t\t\t<\/div>\n\t\t\t\t\t<\/div>\n\t\t<\/div>\n\t\t\t\t\t\t\t\t<\/div>\n\t\t\t\t\t<\/div>\n\t\t<\/section>\n\t\t\t\t<section class=\"elementor-section elementor-top-section elementor-element elementor-element-78cabf5 elementor-section-full_width elementor-reverse-tablet elementor-reverse-mobile elementor-section-stretched elementor-section-height-default elementor-section-height-default\" data-id=\"78cabf5\" data-element_type=\"section\" data-settings=\"{&quot;background_background&quot;:&quot;classic&quot;,&quot;stretch_section&quot;:&quot;section-stretched&quot;}\">\n\t\t\t\t\t\t<div class=\"elementor-container elementor-column-gap-no\">\n\t\t\t\t\t\t\t<div class=\"elementor-row\">\n\t\t\t\t\t<div class=\"elementor-column elementor-col-100 elementor-top-column elementor-element elementor-element-7837756\" data-id=\"7837756\" data-element_type=\"column\">\n\t\t\t<div class=\"elementor-column-wrap elementor-element-populated\">\n\t\t\t\t\t\t\t<div class=\"elementor-widget-wrap\">\n\t\t\t\t\t\t<div class=\"elementor-element elementor-element-733871b flex-horizontal-align-default flex-horizontal-align-tablet-default flex-horizontal-align-mobile-default flex-vertical-align-default flex-vertical-align-tablet-default flex-vertical-align-mobile-default elementor-widget elementor-widget-text-editor\" data-id=\"733871b\" data-element_type=\"widget\" data-widget_type=\"text-editor.default\">\n\t\t\t\t<div class=\"elementor-widget-container\">\n\t\t\t\t\t\t\t\t<div class=\"elementor-text-editor elementor-clearfix\">\n\t\t\t\t<h2 style=\"text-align: center;\"><span style=\"color: #7da2cc;\">ENVIANOS<\/span> <span style=\"color: #28334a;\">UN MENSAJE<\/span><\/h2>\t\t\t\t\t<\/div>\n\t\t\t\t\t\t<\/div>\n\t\t\t\t<\/div>\n\t\t\t\t<div class=\"elementor-element elementor-element-8d43aa5 flex-horizontal-align-default flex-horizontal-align-tablet-default flex-horizontal-align-mobile-default flex-vertical-align-default flex-vertical-align-tablet-default flex-vertical-align-mobile-default elementor-widget elementor-widget-text-editor\" data-id=\"8d43aa5\" data-element_type=\"widget\" data-widget_type=\"text-editor.default\">\n\t\t\t\t<div class=\"elementor-widget-container\">\n\t\t\t\t\t\t\t\t<div class=\"elementor-text-editor elementor-clearfix\">\n\t\t\t\t<p style=\"text-align: center;\">Por cualquier consulta, nos pod\u00e9s enviar un mensaje y te contestaremos a la brevedad.<br \/>ESTE ESPACIO NO ESTA DESTINADO A OTORGAR TURNOS.\u00a0<\/p><p>\u00a0<\/p>\t\t\t\t\t<\/div>\n\t\t\t\t\t\t<\/div>\n\t\t\t\t<\/div>\n\t\t\t\t<div class=\"elementor-element elementor-element-ff80c21 flex-horizontal-align-default flex-horizontal-align-tablet-default flex-horizontal-align-mobile-default flex-vertical-align-default flex-vertical-align-tablet-default flex-vertical-align-mobile-default elementor-widget elementor-widget-thegem-contact-form7\" data-id=\"ff80c21\" data-element_type=\"widget\" data-settings=\"{&quot;thegem_elementor_preset&quot;:&quot;default&quot;}\" data-widget_type=\"thegem-contact-form7.default\">\n\t\t\t\t<div class=\"elementor-widget-container\">\n\t\t\t\n<div class=\"wpcf7 no-js\" id=\"wpcf7-f61-o1\" lang=\"en-US\" dir=\"ltr\">\n<div class=\"screen-reader-response\"><p role=\"status\" aria-live=\"polite\" aria-atomic=\"true\"><\/p> <ul><\/ul><\/div>\n<form action=\"\/sitio\/wp-json\/wp\/v2\/pages\/109#wpcf7-f61-o1\" method=\"post\" class=\"wpcf7-form init thegem-cf7 form-ff80c21 label-top\" aria-label=\"Contact form\" novalidate=\"novalidate\" data-status=\"init\">\n<div style=\"display: none;\">\n<input type=\"hidden\" name=\"_wpcf7\" value=\"61\" \/>\n<input type=\"hidden\" name=\"_wpcf7_version\" value=\"5.8.2\" \/>\n<input type=\"hidden\" name=\"_wpcf7_locale\" value=\"en_US\" \/>\n<input type=\"hidden\" name=\"_wpcf7_unit_tag\" value=\"wpcf7-f61-o1\" \/>\n<input type=\"hidden\" name=\"_wpcf7_container_post\" value=\"0\" \/>\n<input type=\"hidden\" name=\"_wpcf7_posted_data_hash\" value=\"\" \/>\n<\/div>\n<div class=\"row medical-center\">\n\t<div class=\"col-lg-4 col-md-4 col-xs-12\"><span class=\"wpcf7-form-control-wrap\" data-name=\"your-name\"><input size=\"40\" class=\"wpcf7-form-control wpcf7-text wpcf7-validates-as-required\" aria-required=\"true\" aria-invalid=\"false\" placeholder=\"Nombre*\" value=\"\" type=\"text\" name=\"your-name\" \/><\/span><\/div>\n\t<div class=\"col-lg-4 col-md-4 col-xs-12\"><span class=\"wpcf7-form-control-wrap\" data-name=\"your-email\"><input size=\"40\" class=\"wpcf7-form-control wpcf7-email wpcf7-validates-as-required wpcf7-text wpcf7-validates-as-email\" aria-required=\"true\" aria-invalid=\"false\" placeholder=\"Email*\" value=\"\" type=\"email\" name=\"your-email\" \/><\/span><\/div>\n\t<div class=\"col-lg-4 col-md-4 col-xs-12\"><span class=\"wpcf7-form-control-wrap\" data-name=\"your-celular\"><input size=\"40\" class=\"wpcf7-form-control wpcf7-text wpcf7-validates-as-required\" aria-required=\"true\" aria-invalid=\"false\" placeholder=\"Celular*\" value=\"\" type=\"text\" name=\"your-celular\" \/><\/span><\/div>\n\t<div class=\"col-lg-12 col-md-12 col-xs-12\"><span class=\"wpcf7-form-control-wrap\" data-name=\"your-message\"><textarea cols=\"30\" rows=\"6\" class=\"wpcf7-form-control wpcf7-textarea wpcf7-validates-as-required\" aria-required=\"true\" aria-invalid=\"false\" placeholder=\"Mensaje*\" name=\"your-message\"><\/textarea><\/span><\/div>\n<div class=\"col-lg-12 col-md-12 col-xs-12\"><div class=\"main-cf7-captcha\"><span class=\"wpcf7-form-control-wrap input-captcha-cf7\"><input size=\"40\" class=\"wpcf7-form-control wpcf7-captchacf7 wpcf7-validates-as-required cf7_text_captcha\" id=\"input-captcha-cf7\" aria-required=\"true\" aria-invalid=\"false\" placeholder=\"Escribir CAPTCHA\" value=\"\" type=\"text\" name=\"input-captcha-cf7\" \/><\/span><\/div><img decoding=\"async\" src=\"https:\/\/clinicadrsoriano.com.ar\/sitio\/wp-content\/plugins\/text-captcha-contact-form-7\/include\/image.php\" alt=\"cf7captcha\" id=\"image-captcha-cf7\"><a href=\"javascript:void(0);\" id=\"reload_captcha\"><img decoding=\"async\" src=\"https:\/\/clinicadrsoriano.com.ar\/sitio\/wp-content\/plugins\/text-captcha-contact-form-7\/assets\/images\/refresh.png\" alt=\"Regenerate Captcha\"><\/a><\/div>\n\t<div class=\"col-lg-12 col-md-12 col-xs-12\"><input class=\"wpcf7-form-control wpcf7-submit has-spinner\" type=\"submit\" value=\"ENVIAR\" \/><\/div>\n<\/div><div class=\"wpcf7-response-output\" aria-hidden=\"true\"><\/div>\n<\/form>\n<\/div>\n\t\t<\/div>\n\t\t\t\t<\/div>\n\t\t\t\t\t\t<\/div>\n\t\t\t\t\t<\/div>\n\t\t<\/div>\n\t\t\t\t\t\t\t\t<\/div>\n\t\t\t\t\t<\/div>\n\t\t<\/section>\n\t\t\t\t\t\t\t\t\t<\/div>\n\t\t\t<\/div>\n\t\t\t\t\t<\/div>\n\t\t","protected":false},"excerpt":{"rendered":"<p>ESPECIALIDADES QUE TRATAMOS Desde su creaci\u00f3n en 1980, la Cl\u00ednica Oftalmol\u00f3gica Dr. Soriano brindaprestaciones de excelencia a sus pacientes con&#8230;<\/p>\n","protected":false},"author":1,"featured_media":0,"parent":0,"menu_order":0,"comment_status":"closed","ping_status":"closed","template":"","meta":{"footnotes":""},"_links":{"self":[{"href":"https:\/\/clinicadrsoriano.com.ar\/sitio\/wp-json\/wp\/v2\/pages\/109"}],"collection":[{"href":"https:\/\/clinicadrsoriano.com.ar\/sitio\/wp-json\/wp\/v2\/pages"}],"about":[{"href":"https:\/\/clinicadrsoriano.com.ar\/sitio\/wp-json\/wp\/v2\/types\/page"}],"author":[{"embeddable":true,"href":"https:\/\/clinicadrsoriano.com.ar\/sitio\/wp-json\/wp\/v2\/users\/1"}],"replies":[{"embeddable":true,"href":"https:\/\/clinicadrsoriano.com.ar\/sitio\/wp-json\/wp\/v2\/comments?post=109"}],"version-history":[{"count":93,"href":"https:\/\/clinicadrsoriano.com.ar\/sitio\/wp-json\/wp\/v2\/pages\/109\/revisions"}],"predecessor-version":[{"id":2452,"href":"https:\/\/clinicadrsoriano.com.ar\/sitio\/wp-json\/wp\/v2\/pages\/109\/revisions\/2452"}],"wp:attachment":[{"href":"https:\/\/clinicadrsoriano.com.ar\/sitio\/wp-json\/wp\/v2\/media?parent=109"}],"curies":[{"name":"wp","href":"https:\/\/api.w.org\/{rel}","templated":true}]}}