{"id":1133,"date":"2023-05-18T15:18:53","date_gmt":"2023-05-18T18:18:53","guid":{"rendered":"https:\/\/clinicadrsoriano.com.ar\/sitio\/?page_id=1133"},"modified":"2023-10-25T11:46:33","modified_gmt":"2023-10-25T14:46:33","slug":"residencia","status":"publish","type":"page","link":"https:\/\/clinicadrsoriano.com.ar\/sitio\/residencia\/","title":{"rendered":"Residencia"},"content":{"rendered":"\t\t<div data-elementor-type=\"wp-page\" data-elementor-id=\"1133\" class=\"elementor elementor-1133\">\n\t\t\t\t\t\t<div class=\"elementor-inner\">\n\t\t\t\t<div class=\"elementor-section-wrap\">\n\t\t\t\t\t\t\t\t\t<section class=\"elementor-section elementor-top-section elementor-element elementor-element-a33957f elementor-section-full_width elementor-section-height-default elementor-section-height-default\" data-id=\"a33957f\" data-element_type=\"section\">\n\t\t\t\t\t\t<div class=\"elementor-container elementor-column-gap-thegem\">\n\t\t\t\t\t\t\t<div class=\"elementor-row\">\n\t\t\t\t\t<div class=\"elementor-column elementor-col-50 elementor-top-column elementor-element elementor-element-f81aeeb\" data-id=\"f81aeeb\" data-element_type=\"column\" data-settings=\"{&quot;background_background&quot;:&quot;slideshow&quot;,&quot;background_slideshow_gallery&quot;:[{&quot;id&quot;:1934,&quot;url&quot;:&quot;https:\\\/\\\/clinicadrsoriano.com.ar\\\/sitio\\\/wp-content\\\/uploads\\\/2023\\\/06\\\/residencia_2-1.jpg&quot;}],&quot;background_slideshow_slide_duration&quot;:5000,&quot;background_slideshow_slide_transition&quot;:&quot;fade&quot;,&quot;background_slideshow_transition_duration&quot;:500}\">\n\t\t\t<div class=\"elementor-column-wrap\">\n\t\t\t\t\t\t\t<div class=\"elementor-widget-wrap\">\n\t\t\t\t\t\t\t\t<\/div>\n\t\t\t\t\t<\/div>\n\t\t<\/div>\n\t\t\t\t<div class=\"elementor-column elementor-col-50 elementor-top-column elementor-element elementor-element-35b5ec9\" data-id=\"35b5ec9\" data-element_type=\"column\" data-settings=\"{&quot;background_background&quot;:&quot;classic&quot;}\">\n\t\t\t<div class=\"elementor-column-wrap elementor-element-populated\">\n\t\t\t\t\t\t\t<div class=\"elementor-widget-wrap\">\n\t\t\t\t\t\t<div class=\"elementor-element elementor-element-903d6a4 flex-horizontal-align-default flex-horizontal-align-tablet-default flex-horizontal-align-mobile-default flex-vertical-align-default flex-vertical-align-tablet-default flex-vertical-align-mobile-default elementor-widget elementor-widget-text-editor\" data-id=\"903d6a4\" data-element_type=\"widget\" data-widget_type=\"text-editor.default\">\n\t\t\t\t<div class=\"elementor-widget-container\">\n\t\t\t<style>\/*! elementor - v3.16.0 - 20-09-2023 *\/\n.elementor-widget-text-editor.elementor-drop-cap-view-stacked .elementor-drop-cap{background-color:#69727d;color:#fff}.elementor-widget-text-editor.elementor-drop-cap-view-framed .elementor-drop-cap{color:#69727d;border:3px solid;background-color:transparent}.elementor-widget-text-editor:not(.elementor-drop-cap-view-default) .elementor-drop-cap{margin-top:8px}.elementor-widget-text-editor:not(.elementor-drop-cap-view-default) .elementor-drop-cap-letter{width:1em;height:1em}.elementor-widget-text-editor .elementor-drop-cap{float:left;text-align:center;line-height:1;font-size:50px}.elementor-widget-text-editor .elementor-drop-cap-letter{display:inline-block}<\/style>\t\t\t\t\t<div class=\"elementor-text-editor elementor-clearfix\">\n\t\t\t\t<p><strong>Datos Generales<\/strong><br \/><strong>Nombre del Programa:<\/strong> Residencia en Oftalmolog\u00eda<br \/><strong>Instituci\u00f3n que avala la residencia:<\/strong> Cao<br \/>(Consejo Argentino de Oftalmolog\u00eda)<br \/><strong>Tipo de programa:<\/strong> Residencia de 1\u00ba nivel<\/p><p><strong>Responsables del programa:<\/strong><br \/><strong>Director m\u00e9dico:<\/strong> Dr. Mathieu H. Soriano<br \/><strong>N\u00famero de vacantes:<\/strong> Residencia: 1-2<br \/><strong>Duraci\u00f3n en a\u00f1os:<\/strong> 3 (tres)<br \/><strong>Carga horaria total:<\/strong> 8 horas diarias. Guardias de 12 horas<br \/><strong>1\u00ba a\u00f1o:<\/strong> 6 por mes<br \/><strong>2\u00ba a\u00f1o:<\/strong> 2-3 por mes<br \/><strong>3\u00ba a\u00f1o:<\/strong> 1-2 por mes<\/p>\t\t\t\t\t<\/div>\n\t\t\t\t\t\t<\/div>\n\t\t\t\t<\/div>\n\t\t\t\t\t\t<\/div>\n\t\t\t\t\t<\/div>\n\t\t<\/div>\n\t\t\t\t\t\t\t\t<\/div>\n\t\t\t\t\t<\/div>\n\t\t<\/section>\n\t\t\t\t<section class=\"elementor-section elementor-top-section elementor-element elementor-element-aa599a7 elementor-section-boxed elementor-section-height-default elementor-section-height-default\" data-id=\"aa599a7\" data-element_type=\"section\">\n\t\t\t\t\t\t<div class=\"elementor-container elementor-column-gap-thegem\">\n\t\t\t\t\t\t\t<div class=\"elementor-row\">\n\t\t\t\t\t<div class=\"elementor-column elementor-col-50 elementor-top-column elementor-element elementor-element-0418a17\" data-id=\"0418a17\" data-element_type=\"column\">\n\t\t\t<div class=\"elementor-column-wrap elementor-element-populated\">\n\t\t\t\t\t\t\t<div class=\"elementor-widget-wrap\">\n\t\t\t\t\t\t<div class=\"elementor-element elementor-element-7776752 flex-horizontal-align-default flex-horizontal-align-tablet-default flex-horizontal-align-mobile-default flex-vertical-align-default flex-vertical-align-tablet-default flex-vertical-align-mobile-default elementor-widget elementor-widget-heading\" data-id=\"7776752\" data-element_type=\"widget\" data-widget_type=\"heading.default\">\n\t\t\t\t<div class=\"elementor-widget-container\">\n\t\t\t<style>\/*! elementor - v3.16.0 - 20-09-2023 *\/\n.elementor-heading-title{padding:0;margin:0;line-height:1}.elementor-widget-heading .elementor-heading-title[class*=elementor-size-]>a{color:inherit;font-size:inherit;line-height:inherit}.elementor-widget-heading .elementor-heading-title.elementor-size-small{font-size:15px}.elementor-widget-heading .elementor-heading-title.elementor-size-medium{font-size:19px}.elementor-widget-heading .elementor-heading-title.elementor-size-large{font-size:29px}.elementor-widget-heading .elementor-heading-title.elementor-size-xl{font-size:39px}.elementor-widget-heading .elementor-heading-title.elementor-size-xxl{font-size:59px}<\/style><h4 class=\"elementor-heading-title elementor-size-default\">FUNDAMENTACION<\/h4>\t\t<\/div>\n\t\t\t\t<\/div>\n\t\t\t\t<div class=\"elementor-element elementor-element-0f2934c flex-horizontal-align-default flex-horizontal-align-tablet-default flex-horizontal-align-mobile-default flex-vertical-align-default flex-vertical-align-tablet-default flex-vertical-align-mobile-default elementor-widget elementor-widget-text-editor\" data-id=\"0f2934c\" data-element_type=\"widget\" data-widget_type=\"text-editor.default\">\n\t\t\t\t<div class=\"elementor-widget-container\">\n\t\t\t\t\t\t\t\t<div class=\"elementor-text-editor elementor-clearfix\">\n\t\t\t\t<p>El programa tiene una duraci\u00f3n de tres a\u00f1os (36 meses) y cuenta con un m\u00ednimo de un residente por a\u00f1o. Finalizado el \u00faltimo a\u00f1o los residentes podr\u00e1n actuar como jefe de residentes de acuerdo al nivel acad\u00e9mico y de destreza alcanzado y a la integraci\u00f3n obtenida.<\/p>\n<p>La actividad acad\u00e9mica est\u00e1 compuesta por discusi\u00f3n de casos cl\u00ednicos y conferencias, participaci\u00f3n en revisiones bibliogr\u00e1ficas y reuniones de&nbsp; investigaci\u00f3n.<\/p>\n<p>Los residentes asimismo deber\u00e1n participar de las reuniones y congresos organizados por organizaciones oftalmol\u00f3gicas locales, regionales y nacionales. El n\u00famero de horas dedicado a conferencias y actividades&nbsp; relacionadas ser\u00e1 de un m\u00ednimo de 360 hs durante los 36 meses de entrenamiento y seis (6) horas por mes para la discusi\u00f3n de&nbsp; casos cl\u00ednicos.<\/p>\n<p>La capacitaci\u00f3n de Oftalm\u00f3logos est\u00e1 orientada a brindar un programa de aprendizaje estructurado que facilite la adquisici\u00f3n de conocimientos,&nbsp; comprensi\u00f3n, destrezas y actitudes, en un nivel adecuado para un<\/p>\t\t\t\t\t<\/div>\n\t\t\t\t\t\t<\/div>\n\t\t\t\t<\/div>\n\t\t\t\t\t\t<\/div>\n\t\t\t\t\t<\/div>\n\t\t<\/div>\n\t\t\t\t<div class=\"elementor-column elementor-col-50 elementor-top-column elementor-element elementor-element-8290fa2\" data-id=\"8290fa2\" data-element_type=\"column\">\n\t\t\t<div class=\"elementor-column-wrap elementor-element-populated\">\n\t\t\t\t\t\t\t<div class=\"elementor-widget-wrap\">\n\t\t\t\t\t\t<div class=\"elementor-element elementor-element-3a41dd7 flex-horizontal-align-default flex-horizontal-align-tablet-default flex-horizontal-align-mobile-default flex-vertical-align-default flex-vertical-align-tablet-default flex-vertical-align-mobile-default elementor-widget elementor-widget-text-editor\" data-id=\"3a41dd7\" data-element_type=\"widget\" data-widget_type=\"text-editor.default\">\n\t\t\t\t<div class=\"elementor-widget-container\">\n\t\t\t\t\t\t\t\t<div class=\"elementor-text-editor elementor-clearfix\">\n\t\t\t\t<p>especialista que ha sido plenamente formado para iniciar su carrera como consultor independiente en oftalmolog\u00eda. Creemos que la Residencia es el mejor m\u00e9todo para la formaci\u00f3n te\u00f3rico-pr\u00e1ctica del m\u00e9dico oftalm\u00f3logo, ya que promueve el estudio te\u00f3rico sistem\u00e1tico de la especialidad y asegura la formaci\u00f3n pr\u00e1ctica controlada, para beneficio de los pacientes.<\/p><p>El objetivo principal de la capacitaci\u00f3n de nuestros residentes es la de formar un individuo capaz de formularse preguntas y encontrar respuestas, promoviendo un pensamiento cr\u00edtico para aplicar los conocimientos adquiridos en la resoluci\u00f3n de las diferentes patolog\u00edas.<\/p><p>Nuestra Cl\u00ednica cuenta con un volumen de consultas muy elevado y con m\u00faltiples y diversas patolog\u00edas durante el a\u00f1o, lo que le permite al residente una formaci\u00f3n muy completa de las diferentes patolog\u00edas cl\u00ednicas y quir\u00fargicas.<\/p><p><span style=\"color: #485e86;\"><strong>Para mayor informaci\u00f3n comun\u00edquese v\u00eda email:<\/strong><\/span><br \/>Silvina Ponce<br \/><a href=\"mailto:sponce@clinicadrsoriano.com.ar\" target=\"_blank\" rel=\"noopener\">sponce@clinicadrsoriano.com.ar<\/a><\/p>\t\t\t\t\t<\/div>\n\t\t\t\t\t\t<\/div>\n\t\t\t\t<\/div>\n\t\t\t\t\t\t<\/div>\n\t\t\t\t\t<\/div>\n\t\t<\/div>\n\t\t\t\t\t\t\t\t<\/div>\n\t\t\t\t\t<\/div>\n\t\t<\/section>\n\t\t\t\t<section class=\"elementor-section elementor-top-section elementor-element elementor-element-78cabf5 elementor-section-full_width elementor-reverse-tablet elementor-reverse-mobile elementor-section-height-default elementor-section-height-default\" data-id=\"78cabf5\" data-element_type=\"section\" data-settings=\"{&quot;background_background&quot;:&quot;classic&quot;}\">\n\t\t\t\t\t\t<div class=\"elementor-container elementor-column-gap-no\">\n\t\t\t\t\t\t\t<div class=\"elementor-row\">\n\t\t\t\t\t<div class=\"elementor-column elementor-col-100 elementor-top-column elementor-element elementor-element-7837756\" data-id=\"7837756\" data-element_type=\"column\">\n\t\t\t<div class=\"elementor-column-wrap elementor-element-populated\">\n\t\t\t\t\t\t\t<div class=\"elementor-widget-wrap\">\n\t\t\t\t\t\t<div class=\"elementor-element elementor-element-733871b flex-horizontal-align-default flex-horizontal-align-tablet-default flex-horizontal-align-mobile-default flex-vertical-align-default flex-vertical-align-tablet-default flex-vertical-align-mobile-default elementor-widget elementor-widget-text-editor\" data-id=\"733871b\" data-element_type=\"widget\" data-widget_type=\"text-editor.default\">\n\t\t\t\t<div class=\"elementor-widget-container\">\n\t\t\t\t\t\t\t\t<div class=\"elementor-text-editor elementor-clearfix\">\n\t\t\t\t<h2 style=\"text-align: center;\"><span style=\"color: #7da2cc;\">ENVIANOS<\/span> <span style=\"color: 28334a;\">UN MENSAJE<\/span><\/h2>\t\t\t\t\t<\/div>\n\t\t\t\t\t\t<\/div>\n\t\t\t\t<\/div>\n\t\t\t\t<div class=\"elementor-element elementor-element-8d43aa5 flex-horizontal-align-default flex-horizontal-align-tablet-default flex-horizontal-align-mobile-default flex-vertical-align-default flex-vertical-align-tablet-default flex-vertical-align-mobile-default elementor-widget elementor-widget-text-editor\" data-id=\"8d43aa5\" data-element_type=\"widget\" data-widget_type=\"text-editor.default\">\n\t\t\t\t<div class=\"elementor-widget-container\">\n\t\t\t\t\t\t\t\t<div class=\"elementor-text-editor elementor-clearfix\">\n\t\t\t\t<p style=\"text-align: center;\">Por cualquier consulta, nos pod\u00e9s enviar un mensaje y te contestaremos a la brevedad.<br \/>ESTE ESPACIO NO ESTA DESTINADO A OTORGAR TURNOS.<\/p>\t\t\t\t\t<\/div>\n\t\t\t\t\t\t<\/div>\n\t\t\t\t<\/div>\n\t\t\t\t<div class=\"elementor-element elementor-element-875aeb7 flex-horizontal-align-default flex-horizontal-align-tablet-default flex-horizontal-align-mobile-default flex-vertical-align-default flex-vertical-align-tablet-default flex-vertical-align-mobile-default elementor-widget elementor-widget-thegem-contact-form7\" data-id=\"875aeb7\" data-element_type=\"widget\" data-settings=\"{&quot;thegem_elementor_preset&quot;:&quot;default&quot;}\" data-widget_type=\"thegem-contact-form7.default\">\n\t\t\t\t<div class=\"elementor-widget-container\">\n\t\t\t\n<div class=\"wpcf7 no-js\" id=\"wpcf7-f61-o1\" lang=\"en-US\" dir=\"ltr\">\n<div class=\"screen-reader-response\"><p role=\"status\" aria-live=\"polite\" aria-atomic=\"true\"><\/p> <ul><\/ul><\/div>\n<form action=\"\/sitio\/wp-json\/wp\/v2\/pages\/1133#wpcf7-f61-o1\" method=\"post\" class=\"wpcf7-form init thegem-cf7 form-875aeb7 label-top\" aria-label=\"Contact form\" novalidate=\"novalidate\" data-status=\"init\">\n<div style=\"display: none;\">\n<input type=\"hidden\" name=\"_wpcf7\" value=\"61\" \/>\n<input type=\"hidden\" name=\"_wpcf7_version\" value=\"5.8.2\" \/>\n<input type=\"hidden\" name=\"_wpcf7_locale\" value=\"en_US\" \/>\n<input type=\"hidden\" name=\"_wpcf7_unit_tag\" value=\"wpcf7-f61-o1\" \/>\n<input type=\"hidden\" name=\"_wpcf7_container_post\" value=\"0\" \/>\n<input type=\"hidden\" name=\"_wpcf7_posted_data_hash\" value=\"\" \/>\n<\/div>\n<div class=\"row medical-center\">\n\t<div class=\"col-lg-4 col-md-4 col-xs-12\"><span class=\"wpcf7-form-control-wrap\" data-name=\"your-name\"><input size=\"40\" class=\"wpcf7-form-control wpcf7-text wpcf7-validates-as-required\" aria-required=\"true\" aria-invalid=\"false\" placeholder=\"Nombre*\" value=\"\" type=\"text\" name=\"your-name\" \/><\/span><\/div>\n\t<div class=\"col-lg-4 col-md-4 col-xs-12\"><span class=\"wpcf7-form-control-wrap\" data-name=\"your-email\"><input size=\"40\" class=\"wpcf7-form-control wpcf7-email wpcf7-validates-as-required wpcf7-text wpcf7-validates-as-email\" aria-required=\"true\" aria-invalid=\"false\" placeholder=\"Email*\" value=\"\" type=\"email\" name=\"your-email\" \/><\/span><\/div>\n\t<div class=\"col-lg-4 col-md-4 col-xs-12\"><span class=\"wpcf7-form-control-wrap\" data-name=\"your-celular\"><input size=\"40\" class=\"wpcf7-form-control wpcf7-text wpcf7-validates-as-required\" aria-required=\"true\" aria-invalid=\"false\" placeholder=\"Celular*\" value=\"\" type=\"text\" name=\"your-celular\" \/><\/span><\/div>\n\t<div class=\"col-lg-12 col-md-12 col-xs-12\"><span class=\"wpcf7-form-control-wrap\" data-name=\"your-message\"><textarea cols=\"30\" rows=\"6\" class=\"wpcf7-form-control wpcf7-textarea wpcf7-validates-as-required\" aria-required=\"true\" aria-invalid=\"false\" placeholder=\"Mensaje*\" name=\"your-message\"><\/textarea><\/span><\/div>\n<div class=\"col-lg-12 col-md-12 col-xs-12\"><div class=\"main-cf7-captcha\"><span class=\"wpcf7-form-control-wrap input-captcha-cf7\"><input size=\"40\" class=\"wpcf7-form-control wpcf7-captchacf7 wpcf7-validates-as-required cf7_text_captcha\" id=\"input-captcha-cf7\" aria-required=\"true\" aria-invalid=\"false\" placeholder=\"Escribir CAPTCHA\" value=\"\" type=\"text\" name=\"input-captcha-cf7\" \/><\/span><\/div><img decoding=\"async\" src=\"https:\/\/clinicadrsoriano.com.ar\/sitio\/wp-content\/plugins\/text-captcha-contact-form-7\/include\/image.php\" alt=\"cf7captcha\" id=\"image-captcha-cf7\"><a href=\"javascript:void(0);\" id=\"reload_captcha\"><img decoding=\"async\" src=\"https:\/\/clinicadrsoriano.com.ar\/sitio\/wp-content\/plugins\/text-captcha-contact-form-7\/assets\/images\/refresh.png\" alt=\"Regenerate Captcha\"><\/a><\/div>\n\t<div class=\"col-lg-12 col-md-12 col-xs-12\"><input class=\"wpcf7-form-control wpcf7-submit has-spinner\" type=\"submit\" value=\"ENVIAR\" \/><\/div>\n<\/div><div class=\"wpcf7-response-output\" aria-hidden=\"true\"><\/div>\n<\/form>\n<\/div>\n\t\t<\/div>\n\t\t\t\t<\/div>\n\t\t\t\t\t\t<\/div>\n\t\t\t\t\t<\/div>\n\t\t<\/div>\n\t\t\t\t\t\t\t\t<\/div>\n\t\t\t\t\t<\/div>\n\t\t<\/section>\n\t\t\t\t\t\t\t\t\t<\/div>\n\t\t\t<\/div>\n\t\t\t\t\t<\/div>\n\t\t","protected":false},"excerpt":{"rendered":"<p>Datos GeneralesNombre del Programa: Residencia en Oftalmolog\u00edaInstituci\u00f3n que avala la residencia: Cao(Consejo Argentino de Oftalmolog\u00eda)Tipo de programa: Residencia de 1\u00ba&#8230;<\/p>\n","protected":false},"author":1,"featured_media":0,"parent":0,"menu_order":0,"comment_status":"closed","ping_status":"closed","template":"page-fullwidth.php","meta":{"footnotes":""},"_links":{"self":[{"href":"https:\/\/clinicadrsoriano.com.ar\/sitio\/wp-json\/wp\/v2\/pages\/1133"}],"collection":[{"href":"https:\/\/clinicadrsoriano.com.ar\/sitio\/wp-json\/wp\/v2\/pages"}],"about":[{"href":"https:\/\/clinicadrsoriano.com.ar\/sitio\/wp-json\/wp\/v2\/types\/page"}],"author":[{"embeddable":true,"href":"https:\/\/clinicadrsoriano.com.ar\/sitio\/wp-json\/wp\/v2\/users\/1"}],"replies":[{"embeddable":true,"href":"https:\/\/clinicadrsoriano.com.ar\/sitio\/wp-json\/wp\/v2\/comments?post=1133"}],"version-history":[{"count":80,"href":"https:\/\/clinicadrsoriano.com.ar\/sitio\/wp-json\/wp\/v2\/pages\/1133\/revisions"}],"predecessor-version":[{"id":2292,"href":"https:\/\/clinicadrsoriano.com.ar\/sitio\/wp-json\/wp\/v2\/pages\/1133\/revisions\/2292"}],"wp:attachment":[{"href":"https:\/\/clinicadrsoriano.com.ar\/sitio\/wp-json\/wp\/v2\/media?parent=1133"}],"curies":[{"name":"wp","href":"https:\/\/api.w.org\/{rel}","templated":true}]}}